{"id":205,"date":"2024-01-11T09:18:40","date_gmt":"2024-01-11T08:18:40","guid":{"rendered":"https:\/\/vulvart4u.com\/?page_id=205"},"modified":"2025-11-02T15:21:14","modified_gmt":"2025-11-02T14:21:14","slug":"about","status":"publish","type":"page","link":"https:\/\/vulvart4u.com\/","title":{"rendered":"About"},"content":{"rendered":"\t\t<div data-elementor-type=\"wp-page\" data-elementor-id=\"205\" class=\"elementor elementor-205\" data-elementor-post-type=\"page\">\n\t\t\t\t<div class=\"elementor-element elementor-element-4f34828 e-grid e-con-full e-con e-parent\" data-id=\"4f34828\" data-element_type=\"container\" data-e-type=\"container\">\n\t\t\t\t<div class=\"elementor-element elementor-element-685dc6b elementor-widget elementor-widget-image\" data-id=\"685dc6b\" data-element_type=\"widget\" data-e-type=\"widget\" data-widget_type=\"image.default\">\n\t\t\t\t<div class=\"elementor-widget-container\">\n\t\t\t\t\t\t\t\t\t\t\t\t\t\t\t<img fetchpriority=\"high\" decoding=\"async\" width=\"686\" height=\"658\" src=\"https:\/\/vulvart4u.com\/wp-content\/uploads\/2025\/01\/011123L1.jpg\" class=\"attachment-large size-large wp-image-1615\" alt=\"\" srcset=\"https:\/\/vulvart4u.com\/wp-content\/uploads\/2025\/01\/011123L1.jpg 686w, https:\/\/vulvart4u.com\/wp-content\/uploads\/2025\/01\/011123L1-300x288.jpg 300w\" sizes=\"(max-width: 686px) 100vw, 686px\" \/>\t\t\t\t\t\t\t\t\t\t\t\t\t\t\t<\/div>\n\t\t\t\t<\/div>\n\t\t\t\t<div class=\"elementor-element elementor-element-2f41f95 elementor-widget elementor-widget-image\" data-id=\"2f41f95\" data-element_type=\"widget\" data-e-type=\"widget\" data-widget_type=\"image.default\">\n\t\t\t\t<div class=\"elementor-widget-container\">\n\t\t\t\t\t\t\t\t\t\t\t\t\t\t\t<img decoding=\"async\" width=\"987\" height=\"1024\" src=\"https:\/\/vulvart4u.com\/wp-content\/uploads\/2025\/01\/2301024BOR1-scaled-1-987x1024.jpg\" class=\"attachment-large size-large wp-image-1616\" alt=\"\" srcset=\"https:\/\/vulvart4u.com\/wp-content\/uploads\/2025\/01\/2301024BOR1-scaled-1-987x1024.jpg 987w, https:\/\/vulvart4u.com\/wp-content\/uploads\/2025\/01\/2301024BOR1-scaled-1-289x300.jpg 289w, https:\/\/vulvart4u.com\/wp-content\/uploads\/2025\/01\/2301024BOR1-scaled-1-768x797.jpg 768w, https:\/\/vulvart4u.com\/wp-content\/uploads\/2025\/01\/2301024BOR1-scaled-1-1481x1536.jpg 1481w, https:\/\/vulvart4u.com\/wp-content\/uploads\/2025\/01\/2301024BOR1-scaled-1-1974x2048.jpg 1974w\" sizes=\"(max-width: 987px) 100vw, 987px\" \/>\t\t\t\t\t\t\t\t\t\t\t\t\t\t\t<\/div>\n\t\t\t\t<\/div>\n\t\t\t\t<div class=\"elementor-element elementor-element-926ae58 elementor-widget elementor-widget-image\" data-id=\"926ae58\" data-element_type=\"widget\" data-e-type=\"widget\" data-widget_type=\"image.default\">\n\t\t\t\t<div class=\"elementor-widget-container\">\n\t\t\t\t\t\t\t\t\t\t\t\t\t\t\t<img decoding=\"async\" width=\"791\" height=\"1024\" src=\"https:\/\/vulvart4u.com\/wp-content\/uploads\/2025\/01\/AM3ZW-scaled-1-791x1024.jpeg\" class=\"attachment-large size-large wp-image-1617\" alt=\"\" srcset=\"https:\/\/vulvart4u.com\/wp-content\/uploads\/2025\/01\/AM3ZW-scaled-1-791x1024.jpeg 791w, https:\/\/vulvart4u.com\/wp-content\/uploads\/2025\/01\/AM3ZW-scaled-1-232x300.jpeg 232w, https:\/\/vulvart4u.com\/wp-content\/uploads\/2025\/01\/AM3ZW-scaled-1-768x994.jpeg 768w, https:\/\/vulvart4u.com\/wp-content\/uploads\/2025\/01\/AM3ZW-scaled-1-1187x1536.jpeg 1187w, https:\/\/vulvart4u.com\/wp-content\/uploads\/2025\/01\/AM3ZW-scaled-1-1582x2048.jpeg 1582w, https:\/\/vulvart4u.com\/wp-content\/uploads\/2025\/01\/AM3ZW-scaled-1.jpeg 1978w\" sizes=\"(max-width: 791px) 100vw, 791px\" \/>\t\t\t\t\t\t\t\t\t\t\t\t\t\t\t<\/div>\n\t\t\t\t<\/div>\n\t\t\t\t<div class=\"elementor-element elementor-element-ca8690b elementor-widget elementor-widget-image\" data-id=\"ca8690b\" data-element_type=\"widget\" data-e-type=\"widget\" data-widget_type=\"image.default\">\n\t\t\t\t<div class=\"elementor-widget-container\">\n\t\t\t\t\t\t\t\t\t\t\t\t\t\t\t<img loading=\"lazy\" decoding=\"async\" width=\"1000\" height=\"1024\" src=\"https:\/\/vulvart4u.com\/wp-content\/uploads\/2025\/01\/PHI_4931B-topazORB-sharpen-1000x1024.avif\" class=\"attachment-large size-large wp-image-1620\" alt=\"\" srcset=\"https:\/\/vulvart4u.com\/wp-content\/uploads\/2025\/01\/PHI_4931B-topazORB-sharpen-1000x1024.avif 1000w, https:\/\/vulvart4u.com\/wp-content\/uploads\/2025\/01\/PHI_4931B-topazORB-sharpen-293x300.avif 293w, https:\/\/vulvart4u.com\/wp-content\/uploads\/2025\/01\/PHI_4931B-topazORB-sharpen-768x787.avif 768w, https:\/\/vulvart4u.com\/wp-content\/uploads\/2025\/01\/PHI_4931B-topazORB-sharpen-1499x1536.jpeg 1499w, https:\/\/vulvart4u.com\/wp-content\/uploads\/2025\/01\/PHI_4931B-topazORB-sharpen-1999x2048.jpeg 1999w, https:\/\/vulvart4u.com\/wp-content\/uploads\/2025\/01\/PHI_4931B-topazORB-sharpen-scaled.avif 1874w\" sizes=\"(max-width: 1000px) 100vw, 1000px\" \/>\t\t\t\t\t\t\t\t\t\t\t\t\t\t\t<\/div>\n\t\t\t\t<\/div>\n\t\t\t\t<\/div>\n\t\t<div class=\"elementor-element elementor-element-e319cfe e-flex e-con-boxed e-con e-parent\" data-id=\"e319cfe\" data-element_type=\"container\" data-e-type=\"container\">\n\t\t\t\t\t<div class=\"e-con-inner\">\n\t\t\t\t<div class=\"elementor-element elementor-element-666efbc elementor-widget elementor-widget-text-editor\" data-id=\"666efbc\" data-element_type=\"widget\" data-e-type=\"widget\" data-widget_type=\"text-editor.default\">\n\t\t\t\t<div class=\"elementor-widget-container\">\n\t\t\t\t\t\t\t\t\t<p><strong>Artistic photography<\/strong> that includes female genitalia can be approached in different ways depending on the artist&#8217;s intentions, cultural context, and audience reactions. Some artists seek to explore the beauty, diversity and complexity of the human body, including the genitals, in ways that deconstruct traditional aesthetic norms and promote a more realistic, original and inclusive vision of sexuality and femininity.<\/p><p>However, it is important to note that the depiction of genitalia, especially in an artistic context, requires a delicate and respectful approach. Artists must be aware of the potential impact of their work on audiences and be attentive to ethical considerations. <strong>Informed consent, confidentiality and protection of subjects&#8217; privacy are major concerns in this area.<\/strong><\/p><p>It is also crucial to take into account the laws and social norms in force in different cultural contexts. Some places may have stricter standards when it comes to depicting nudity or genitals, while others may be more tolerant.<\/p><p>In summary, fine art photography involving female genitalia can be explored in a respectful and artistic manner, but doing so requires careful consideration of the artist&#8217;s intentions, subjects&#8217; consent, and cultural sensitivity.<\/p><p>According to Rorschach, the interpretation that people give tells something about their character traits. When people do not like to express some of their own thought patterns, the Rorschach test turned out to be a useful technique to find out something about their way of thinking. By approaching the Vulva in this way, it does not become so \u201cRAW\u201d, but the attention is more focused on shape and color, tension and mystery&#8230;.<\/p><p>There is no age to admire a woman and her body. In all seasons of one&#8217;s life there is a certain beauty to be discovered. Every woman is UNIQUE at every moment!<\/p><p><strong>You just need an open mind, without prejudices or taboos\u2026.<\/strong><\/p><p>I pay tribute to the eternal woman.<\/p><p>Philippe<\/p>\t\t\t\t\t\t\t\t<\/div>\n\t\t\t\t<\/div>\n\t\t\t\t\t<\/div>\n\t\t\t\t<\/div>\n\t\t<div class=\"elementor-element elementor-element-2bb5218 e-flex e-con-boxed e-con e-parent\" data-id=\"2bb5218\" data-element_type=\"container\" data-e-type=\"container\">\n\t\t\t\t\t<div class=\"e-con-inner\">\n\t\t\t\t<div class=\"elementor-element elementor-element-caf135d elementor-widget elementor-widget-text-editor\" data-id=\"caf135d\" data-element_type=\"widget\" data-e-type=\"widget\" data-widget_type=\"text-editor.default\">\n\t\t\t\t<div class=\"elementor-widget-container\">\n\t\t\t\t\t\t\t\t\t<p><strong>La photographie artistique<\/strong> qui inclut les organes g\u00e9nitaux f\u00e9minins peut \u00eatre abord\u00e9e de diff\u00e9rentes mani\u00e8res en fonction des intentions de l&#8217;artiste, du contexte culturel et des r\u00e9actions du public. Certains artistes cherchent \u00e0 explorer la beaut\u00e9, la diversit\u00e9 et la complexit\u00e9 du corps humain, y compris les organes g\u00e9nitaux, de mani\u00e8re \u00e0 d\u00e9construire les normes esth\u00e9tiques traditionnelles et \u00e0 promouvoir une vision plus r\u00e9aliste ,originale et inclusive de la sexualit\u00e9 et de la f\u00e9minit\u00e9.<\/p><p>Cependant, il est important de noter que la repr\u00e9sentation des organes g\u00e9nitaux, en particulier dans un contexte artistique, n\u00e9cessite une approche d\u00e9licate et respectueuse. Les artistes doivent \u00eatre conscients de l&#8217;impact potentiel de leur travail sur le public et \u00eatre attentifs aux consid\u00e9rations \u00e9thiques.<strong> Le consentement \u00e9clair\u00e9, la confidentialit\u00e9 et la protection de l&#8217;intimit\u00e9 des sujets sont des pr\u00e9occupations majeures dans ce domaine.<\/strong><\/p><p>Il est \u00e9galement crucial de prendre en compte les lois et normes sociales en vigueur dans diff\u00e9rents contextes culturels. Certains endroits peuvent avoir des normes plus strictes en mati\u00e8re de repr\u00e9sentation de la nudit\u00e9 ou des organes g\u00e9nitaux, tandis que d&#8217;autres peuvent \u00eatre plus tol\u00e9rants.<\/p><p>En r\u00e9sum\u00e9, la photographie d&#8217;art impliquant les organes g\u00e9nitaux f\u00e9minins peut \u00eatre explor\u00e9e de mani\u00e8re respectueuse et artistique, mais cela n\u00e9cessite une r\u00e9flexion approfondie sur les intentions de l&#8217;artiste, le consentement des sujets et la sensibilit\u00e9 culturelle.<\/p><p>Selon Rorschach, l\u2019interpr\u00e9tation que les gens donnent en dit long sur leurs traits de caract\u00e8re. Lorsque les gens n\u2019aiment pas exprimer certains de leurs propres sch\u00e9mas de pens\u00e9e, le test de Rorschach s\u2019est av\u00e9r\u00e9 \u00eatre une technique utile pour d\u00e9couvrir quelque chose sur leur fa\u00e7on de penser. En abordant ainsi la Vulve, elle ne devient pas si CRU, mais l&#8217;attention se porte davantage sur la forme et la couleur, la tension et le myst\u00e8re&#8230;.<\/p><p><br \/>Il n\u2019y a pas d\u2019\u00e2ge pour admirer la femme et son corps. Dans toutes les saisons de sa vie il y a une certaine beaut\u00e9 \u00e0 d\u00e9couvrir . Chaque femme est UNIQUE \u00e0 chaque instant !<\/p><p><strong>Il faut juste un esprit ouvert, sans pr\u00e9jug\u00e9s, ni tabous\u2026.<\/strong><\/p><p>Je rends hommage \u00e0 la femme \u00e9ternelle.<\/p><p>Philippe<\/p>\t\t\t\t\t\t\t\t<\/div>\n\t\t\t\t<\/div>\n\t\t\t\t\t<\/div>\n\t\t\t\t<\/div>\n\t\t<div class=\"elementor-element elementor-element-17badf8 e-flex e-con-boxed e-con e-parent\" data-id=\"17badf8\" data-element_type=\"container\" data-e-type=\"container\">\n\t\t\t\t\t<div class=\"e-con-inner\">\n\t\t\t\t\t<\/div>\n\t\t\t\t<\/div>\n\t\t\t\t<\/div>\n\t\t","protected":false},"excerpt":{"rendered":"<p>Artistic photography that includes female genitalia can be approached in different ways depending on the artist&#8217;s intentions, cultural context, and audience reactions. Some artists seek to explore the beauty, diversity and complexity of the human body, including the genitals, in ways that deconstruct traditional aesthetic norms and promote a more realistic, original and inclusive vision [&hellip;]<\/p>\n","protected":false},"author":1,"featured_media":0,"parent":0,"menu_order":0,"comment_status":"closed","ping_status":"closed","template":"","meta":{"footnotes":""},"class_list":["post-205","page","type-page","status-publish","hentry"],"blocksy_meta":[],"_links":{"self":[{"href":"https:\/\/vulvart4u.com\/index.php\/wp-json\/wp\/v2\/pages\/205","targetHints":{"allow":["GET"]}}],"collection":[{"href":"https:\/\/vulvart4u.com\/index.php\/wp-json\/wp\/v2\/pages"}],"about":[{"href":"https:\/\/vulvart4u.com\/index.php\/wp-json\/wp\/v2\/types\/page"}],"author":[{"embeddable":true,"href":"https:\/\/vulvart4u.com\/index.php\/wp-json\/wp\/v2\/users\/1"}],"replies":[{"embeddable":true,"href":"https:\/\/vulvart4u.com\/index.php\/wp-json\/wp\/v2\/comments?post=205"}],"version-history":[{"count":44,"href":"https:\/\/vulvart4u.com\/index.php\/wp-json\/wp\/v2\/pages\/205\/revisions"}],"predecessor-version":[{"id":1709,"href":"https:\/\/vulvart4u.com\/index.php\/wp-json\/wp\/v2\/pages\/205\/revisions\/1709"}],"wp:attachment":[{"href":"https:\/\/vulvart4u.com\/index.php\/wp-json\/wp\/v2\/media?parent=205"}],"curies":[{"name":"wp","href":"https:\/\/api.w.org\/{rel}","templated":true}]}}